{"id":8382,"date":"2026-04-01T18:48:02","date_gmt":"2026-04-01T18:48:02","guid":{"rendered":"https:\/\/egyuttazautistakert.hu\/?post_type=product&#038;p=8382"},"modified":"2026-04-02T19:43:14","modified_gmt":"2026-04-02T19:43:14","slug":"nini-egyutt-az-autistakert-maci-charm","status":"publish","type":"product","link":"https:\/\/egyuttazautistakert.hu\/en\/product\/nini-egyutt-az-autistakert-maci-charm\/","title":{"rendered":"NINI \ud83d\udc99 Egy\u00fctt az Autist\u00e1k\u00e9rt Maci Charm"},"content":{"rendered":"","protected":false},"excerpt":{"rendered":"<p>Limit\u00e1lt kiad\u00e1s\u00fa NINI &#8211; Egy\u00fctt az Autist\u00e1k\u00e9rt Teddy Bear Charm, egy\u00fcttm\u0171k\u00f6d\u00e9sben az Egy\u00fctt az Autist\u00e1k\u00e9rt Alap\u00edtv\u00e1nnyal.<\/p>\n<p>Ez a b\u00e1jos pl\u00fcss kieg\u00e9sz\u00edt\u0151 j\u00e1t\u00e9kos megjelen\u00e9st \u00f6tv\u00f6z kifinomult r\u00e9szletekkel, \u00edgy t\u00f6k\u00e9letes t\u00e1rs kedvenc t\u00e1sk\u00e1don.<\/p>\n<p>Kiv\u00e1l\u00f3 min\u0151s\u00e9g\u0171, rendk\u00edv\u00fcl puha pl\u00fcssb\u0151l k\u00e9sz\u00fclt, finom h\u00edmzett r\u00e9szletekkel. A mack\u00f3 egy jellegzetes, sz\u00edv alak\u00fa p\u00e1rn\u00e1t tart, amelyen a NINI log\u00f3 jelenik meg harmoniz\u00e1l\u00f3 k\u00e9k sz\u00ednben. Az integr\u00e1lt b\u0151r sz\u00edjnak k\u00f6sz\u00f6nhet\u0151en k\u00f6nnyed\u00e9n r\u00f6gz\u00edthet\u0151 t\u00e1sk\u00e1ra, \u00edgy egyedi \u00e9s figyelemfelkelt\u0151 kieg\u00e9sz\u00edt\u0151v\u00e9 v\u00e1lik.<\/p>\n<p>A kollekci\u00f3b\u00f3l t\u00f6rt\u00e9n\u0151 v\u00e1s\u00e1rl\u00e1ssal t\u00e1mogatod az alap\u00edtv\u00e1ny munk\u00e1j\u00e1t, \u00e9s felh\u00edvod a figyelmet az autizmus jelenl\u00e9t\u00e9re.<\/p>\n<p><strong>R\u00e9szletek<\/strong><\/p>\n<ul>\n<li>Integr\u00e1lt eco b\u0151r akaszt\u00f3<\/li>\n<li>H\u00edmzett r\u00e9szletek<\/li>\n<li>Extra puha pl\u00fcss<\/li>\n<\/ul>\n","protected":false},"featured_media":8379,"template":"","meta":[],"product_brand":[],"product_cat":[41],"product_tag":[],"class_list":{"0":"post-8382","1":"product","2":"type-product","3":"status-publish","4":"has-post-thumbnail","6":"product_cat-uncategorized","8":"first","9":"instock","10":"shipping-taxable","11":"product-type-external"},"yoast_head":"<!-- This site is optimized with the Yoast SEO plugin v27.0 - https:\/\/yoast.com\/product\/yoast-seo-wordpress\/ -->\n<title>NINI \ud83d\udc99 Egy\u00fctt az Autist\u00e1k\u00e9rt Maci Charm - Egy\u00fctt az Autist\u00e1k\u00e9rt<\/title>\n<meta name=\"robots\" content=\"index, follow, max-snippet:-1, max-image-preview:large, max-video-preview:-1\" \/>\n<link rel=\"canonical\" href=\"https:\/\/egyuttazautistakert.hu\/en\/product\/nini-egyutt-az-autistakert-maci-charm\/\" \/>\n<meta property=\"og:locale\" content=\"en_US\" \/>\n<meta property=\"og:type\" content=\"article\" \/>\n<meta property=\"og:title\" content=\"NINI \ud83d\udc99 Egy\u00fctt az Autist\u00e1k\u00e9rt Maci Charm - Egy\u00fctt az Autist\u00e1k\u00e9rt\" \/>\n<meta property=\"og:description\" content=\"Limit\u00e1lt kiad\u00e1s\u00fa NINI - Egy\u00fctt az Autist\u00e1k\u00e9rt Teddy Bear Charm, egy\u00fcttm\u0171k\u00f6d\u00e9sben az Egy\u00fctt az Autist\u00e1k\u00e9rt Alap\u00edtv\u00e1nnyal.  Ez a b\u00e1jos pl\u00fcss kieg\u00e9sz\u00edt\u0151 j\u00e1t\u00e9kos megjelen\u00e9st \u00f6tv\u00f6z kifinomult r\u00e9szletekkel, \u00edgy t\u00f6k\u00e9letes t\u00e1rs kedvenc t\u00e1sk\u00e1don.  Kiv\u00e1l\u00f3 min\u0151s\u00e9g\u0171, rendk\u00edv\u00fcl puha pl\u00fcssb\u0151l k\u00e9sz\u00fclt, finom h\u00edmzett r\u00e9szletekkel. A mack\u00f3 egy jellegzetes, sz\u00edv alak\u00fa p\u00e1rn\u00e1t tart, amelyen a NINI log\u00f3 jelenik meg harmoniz\u00e1l\u00f3 k\u00e9k sz\u00ednben. Az integr\u00e1lt b\u0151r sz\u00edjnak k\u00f6sz\u00f6nhet\u0151en k\u00f6nnyed\u00e9n r\u00f6gz\u00edthet\u0151 t\u00e1sk\u00e1ra, \u00edgy egyedi \u00e9s figyelemfelkelt\u0151 kieg\u00e9sz\u00edt\u0151v\u00e9 v\u00e1lik.  A kollekci\u00f3b\u00f3l t\u00f6rt\u00e9n\u0151 v\u00e1s\u00e1rl\u00e1ssal t\u00e1mogatod az alap\u00edtv\u00e1ny munk\u00e1j\u00e1t, \u00e9s felh\u00edvod a figyelmet az autizmus jelenl\u00e9t\u00e9re.  R\u00e9szletek   Integr\u00e1lt eco b\u0151r akaszt\u00f3  H\u00edmzett r\u00e9szletek  Extra puha pl\u00fcss\" \/>\n<meta property=\"og:url\" content=\"https:\/\/egyuttazautistakert.hu\/en\/product\/nini-egyutt-az-autistakert-maci-charm\/\" \/>\n<meta property=\"og:site_name\" content=\"Egy\u00fctt az Autist\u00e1k\u00e9rt\" \/>\n<meta property=\"article:modified_time\" content=\"2026-04-02T19:43:14+00:00\" \/>\n<meta property=\"og:image\" content=\"https:\/\/egyuttazautistakert.hu\/wp-content\/uploads\/2026\/04\/ninimaci2-3.webp\" \/>\n\t<meta property=\"og:image:width\" content=\"2100\" \/>\n\t<meta property=\"og:image:height\" content=\"1200\" \/>\n\t<meta property=\"og:image:type\" content=\"image\/webp\" \/>\n<meta name=\"twitter:card\" content=\"summary_large_image\" \/>\n<meta name=\"twitter:label1\" content=\"Est. reading time\" \/>\n\t<meta name=\"twitter:data1\" content=\"1 minute\" \/>\n<script type=\"application\/ld+json\" class=\"yoast-schema-graph\">{\"@context\":\"https:\/\/schema.org\",\"@graph\":[{\"@type\":\"WebPage\",\"@id\":\"https:\/\/egyuttazautistakert.hu\/en\/product\/nini-egyutt-az-autistakert-maci-charm\/\",\"url\":\"https:\/\/egyuttazautistakert.hu\/en\/product\/nini-egyutt-az-autistakert-maci-charm\/\",\"name\":\"NINI \ud83d\udc99 Egy\u00fctt az Autist\u00e1k\u00e9rt Maci Charm - Egy\u00fctt az Autist\u00e1k\u00e9rt\",\"isPartOf\":{\"@id\":\"https:\/\/egyuttazautistakert.hu\/en\/#website\"},\"primaryImageOfPage\":{\"@id\":\"https:\/\/egyuttazautistakert.hu\/en\/product\/nini-egyutt-az-autistakert-maci-charm\/#primaryimage\"},\"image\":{\"@id\":\"https:\/\/egyuttazautistakert.hu\/en\/product\/nini-egyutt-az-autistakert-maci-charm\/#primaryimage\"},\"thumbnailUrl\":\"https:\/\/egyuttazautistakert.hu\/wp-content\/uploads\/2026\/04\/ninimaci2-3.webp\",\"datePublished\":\"2026-04-01T18:48:02+00:00\",\"dateModified\":\"2026-04-02T19:43:14+00:00\",\"breadcrumb\":{\"@id\":\"https:\/\/egyuttazautistakert.hu\/en\/product\/nini-egyutt-az-autistakert-maci-charm\/#breadcrumb\"},\"inLanguage\":\"en-US\",\"potentialAction\":[{\"@type\":\"ReadAction\",\"target\":[\"https:\/\/egyuttazautistakert.hu\/en\/product\/nini-egyutt-az-autistakert-maci-charm\/\"]}]},{\"@type\":\"ImageObject\",\"inLanguage\":\"en-US\",\"@id\":\"https:\/\/egyuttazautistakert.hu\/en\/product\/nini-egyutt-az-autistakert-maci-charm\/#primaryimage\",\"url\":\"https:\/\/egyuttazautistakert.hu\/wp-content\/uploads\/2026\/04\/ninimaci2-3.webp\",\"contentUrl\":\"https:\/\/egyuttazautistakert.hu\/wp-content\/uploads\/2026\/04\/ninimaci2-3.webp\",\"width\":2100,\"height\":1200},{\"@type\":\"BreadcrumbList\",\"@id\":\"https:\/\/egyuttazautistakert.hu\/en\/product\/nini-egyutt-az-autistakert-maci-charm\/#breadcrumb\",\"itemListElement\":[{\"@type\":\"ListItem\",\"position\":1,\"name\":\"Home\",\"item\":\"https:\/\/egyuttazautistakert.hu\/en\/\"},{\"@type\":\"ListItem\",\"position\":2,\"name\":\"Shop\",\"item\":\"https:\/\/egyuttazautistakert.hu\/en\/shop\/\"},{\"@type\":\"ListItem\",\"position\":3,\"name\":\"NINI \ud83d\udc99 Egy\u00fctt az Autist\u00e1k\u00e9rt Maci Charm\"}]},{\"@type\":\"WebSite\",\"@id\":\"https:\/\/egyuttazautistakert.hu\/en\/#website\",\"url\":\"https:\/\/egyuttazautistakert.hu\/en\/\",\"name\":\"Egy\u00fctt az Autist\u00e1k\u00e9rt\",\"description\":\"Meg\u00e9rteni. Elfogadni. Seg\u00edteni.\",\"potentialAction\":[{\"@type\":\"SearchAction\",\"target\":{\"@type\":\"EntryPoint\",\"urlTemplate\":\"https:\/\/egyuttazautistakert.hu\/en\/?s={search_term_string}\"},\"query-input\":{\"@type\":\"PropertyValueSpecification\",\"valueRequired\":true,\"valueName\":\"search_term_string\"}}],\"inLanguage\":\"en-US\"}]}<\/script>\n<!-- \/ Yoast SEO plugin. -->","yoast_head_json":{"title":"NINI \ud83d\udc99 Egy\u00fctt az Autist\u00e1k\u00e9rt Maci Charm - Egy\u00fctt az Autist\u00e1k\u00e9rt","robots":{"index":"index","follow":"follow","max-snippet":"max-snippet:-1","max-image-preview":"max-image-preview:large","max-video-preview":"max-video-preview:-1"},"canonical":"https:\/\/egyuttazautistakert.hu\/en\/product\/nini-egyutt-az-autistakert-maci-charm\/","og_locale":"en_US","og_type":"article","og_title":"NINI \ud83d\udc99 Egy\u00fctt az Autist\u00e1k\u00e9rt Maci Charm - Egy\u00fctt az Autist\u00e1k\u00e9rt","og_description":"Limit\u00e1lt kiad\u00e1s\u00fa NINI - Egy\u00fctt az Autist\u00e1k\u00e9rt Teddy Bear Charm, egy\u00fcttm\u0171k\u00f6d\u00e9sben az Egy\u00fctt az Autist\u00e1k\u00e9rt Alap\u00edtv\u00e1nnyal.  Ez a b\u00e1jos pl\u00fcss kieg\u00e9sz\u00edt\u0151 j\u00e1t\u00e9kos megjelen\u00e9st \u00f6tv\u00f6z kifinomult r\u00e9szletekkel, \u00edgy t\u00f6k\u00e9letes t\u00e1rs kedvenc t\u00e1sk\u00e1don.  Kiv\u00e1l\u00f3 min\u0151s\u00e9g\u0171, rendk\u00edv\u00fcl puha pl\u00fcssb\u0151l k\u00e9sz\u00fclt, finom h\u00edmzett r\u00e9szletekkel. A mack\u00f3 egy jellegzetes, sz\u00edv alak\u00fa p\u00e1rn\u00e1t tart, amelyen a NINI log\u00f3 jelenik meg harmoniz\u00e1l\u00f3 k\u00e9k sz\u00ednben. Az integr\u00e1lt b\u0151r sz\u00edjnak k\u00f6sz\u00f6nhet\u0151en k\u00f6nnyed\u00e9n r\u00f6gz\u00edthet\u0151 t\u00e1sk\u00e1ra, \u00edgy egyedi \u00e9s figyelemfelkelt\u0151 kieg\u00e9sz\u00edt\u0151v\u00e9 v\u00e1lik.  A kollekci\u00f3b\u00f3l t\u00f6rt\u00e9n\u0151 v\u00e1s\u00e1rl\u00e1ssal t\u00e1mogatod az alap\u00edtv\u00e1ny munk\u00e1j\u00e1t, \u00e9s felh\u00edvod a figyelmet az autizmus jelenl\u00e9t\u00e9re.  R\u00e9szletek   Integr\u00e1lt eco b\u0151r akaszt\u00f3  H\u00edmzett r\u00e9szletek  Extra puha pl\u00fcss","og_url":"https:\/\/egyuttazautistakert.hu\/en\/product\/nini-egyutt-az-autistakert-maci-charm\/","og_site_name":"Egy\u00fctt az Autist\u00e1k\u00e9rt","article_modified_time":"2026-04-02T19:43:14+00:00","og_image":[{"width":2100,"height":1200,"url":"https:\/\/egyuttazautistakert.hu\/wp-content\/uploads\/2026\/04\/ninimaci2-3.webp","type":"image\/webp"}],"twitter_card":"summary_large_image","twitter_misc":{"Est. reading time":"1 minute"},"schema":{"@context":"https:\/\/schema.org","@graph":[{"@type":"WebPage","@id":"https:\/\/egyuttazautistakert.hu\/en\/product\/nini-egyutt-az-autistakert-maci-charm\/","url":"https:\/\/egyuttazautistakert.hu\/en\/product\/nini-egyutt-az-autistakert-maci-charm\/","name":"NINI \ud83d\udc99 Egy\u00fctt az Autist\u00e1k\u00e9rt Maci Charm - Egy\u00fctt az Autist\u00e1k\u00e9rt","isPartOf":{"@id":"https:\/\/egyuttazautistakert.hu\/en\/#website"},"primaryImageOfPage":{"@id":"https:\/\/egyuttazautistakert.hu\/en\/product\/nini-egyutt-az-autistakert-maci-charm\/#primaryimage"},"image":{"@id":"https:\/\/egyuttazautistakert.hu\/en\/product\/nini-egyutt-az-autistakert-maci-charm\/#primaryimage"},"thumbnailUrl":"https:\/\/egyuttazautistakert.hu\/wp-content\/uploads\/2026\/04\/ninimaci2-3.webp","datePublished":"2026-04-01T18:48:02+00:00","dateModified":"2026-04-02T19:43:14+00:00","breadcrumb":{"@id":"https:\/\/egyuttazautistakert.hu\/en\/product\/nini-egyutt-az-autistakert-maci-charm\/#breadcrumb"},"inLanguage":"en-US","potentialAction":[{"@type":"ReadAction","target":["https:\/\/egyuttazautistakert.hu\/en\/product\/nini-egyutt-az-autistakert-maci-charm\/"]}]},{"@type":"ImageObject","inLanguage":"en-US","@id":"https:\/\/egyuttazautistakert.hu\/en\/product\/nini-egyutt-az-autistakert-maci-charm\/#primaryimage","url":"https:\/\/egyuttazautistakert.hu\/wp-content\/uploads\/2026\/04\/ninimaci2-3.webp","contentUrl":"https:\/\/egyuttazautistakert.hu\/wp-content\/uploads\/2026\/04\/ninimaci2-3.webp","width":2100,"height":1200},{"@type":"BreadcrumbList","@id":"https:\/\/egyuttazautistakert.hu\/en\/product\/nini-egyutt-az-autistakert-maci-charm\/#breadcrumb","itemListElement":[{"@type":"ListItem","position":1,"name":"Home","item":"https:\/\/egyuttazautistakert.hu\/en\/"},{"@type":"ListItem","position":2,"name":"Shop","item":"https:\/\/egyuttazautistakert.hu\/en\/shop\/"},{"@type":"ListItem","position":3,"name":"NINI \ud83d\udc99 Egy\u00fctt az Autist\u00e1k\u00e9rt Maci Charm"}]},{"@type":"WebSite","@id":"https:\/\/egyuttazautistakert.hu\/en\/#website","url":"https:\/\/egyuttazautistakert.hu\/en\/","name":"Egy\u00fctt az Autist\u00e1k\u00e9rt","description":"Meg\u00e9rteni. Elfogadni. Seg\u00edteni.","potentialAction":[{"@type":"SearchAction","target":{"@type":"EntryPoint","urlTemplate":"https:\/\/egyuttazautistakert.hu\/en\/?s={search_term_string}"},"query-input":{"@type":"PropertyValueSpecification","valueRequired":true,"valueName":"search_term_string"}}],"inLanguage":"en-US"}]}},"_links":{"self":[{"href":"https:\/\/egyuttazautistakert.hu\/en\/wp-json\/wp\/v2\/product\/8382","targetHints":{"allow":["GET"]}}],"collection":[{"href":"https:\/\/egyuttazautistakert.hu\/en\/wp-json\/wp\/v2\/product"}],"about":[{"href":"https:\/\/egyuttazautistakert.hu\/en\/wp-json\/wp\/v2\/types\/product"}],"wp:featuredmedia":[{"embeddable":true,"href":"https:\/\/egyuttazautistakert.hu\/en\/wp-json\/wp\/v2\/media\/8379"}],"wp:attachment":[{"href":"https:\/\/egyuttazautistakert.hu\/en\/wp-json\/wp\/v2\/media?parent=8382"}],"wp:term":[{"taxonomy":"product_brand","embeddable":true,"href":"https:\/\/egyuttazautistakert.hu\/en\/wp-json\/wp\/v2\/product_brand?post=8382"},{"taxonomy":"product_cat","embeddable":true,"href":"https:\/\/egyuttazautistakert.hu\/en\/wp-json\/wp\/v2\/product_cat?post=8382"},{"taxonomy":"product_tag","embeddable":true,"href":"https:\/\/egyuttazautistakert.hu\/en\/wp-json\/wp\/v2\/product_tag?post=8382"}],"curies":[{"name":"wp","href":"https:\/\/api.w.org\/{rel}","templated":true}]}}