{"id":8330,"date":"2025-02-14T14:00:02","date_gmt":"2025-02-14T14:00:02","guid":{"rendered":"https:\/\/egyuttazautistakert.hu\/auttalent-2025\/"},"modified":"2026-03-17T19:58:20","modified_gmt":"2026-03-17T19:58:20","slug":"auttalent-2025","status":"publish","type":"page","link":"https:\/\/egyuttazautistakert.hu\/en\/auttalent-2025\/","title":{"rendered":"AUTTALENT 2025"},"content":{"rendered":"\r\n<p>Alap\u00edtv\u00e1nyunk \u00fajra tehets\u00e9ggondoz\u00f3 programot ind\u00edt, autizmus spektrum zavarral \u00e9l\u0151 gyermekek \u00e9s fiatalok sz\u00e1m\u00e1ra. Az AUTTALENT 2025 p\u00e1ly\u00e1zat c\u00e9lja, hogy k\u00e9pess\u00e9geik kibontakoztat\u00e1sa r\u00e9v\u00e9n seg\u00edtse az \u00e9rintett fiatalok integr\u00e1ci\u00f3j\u00e1t, tov\u00e1bb\u00e1 az autizmus spektrum\u00e1llapot sz\u00e9lesk\u00f6r\u0171 megismertet\u00e9se, a befogad\u00e1s \u00e9s az elfogad\u00e1s el\u0151seg\u00edt\u00e9se, a tehets\u00e9ges fiatalok \u00f6sszekapcsol\u00e1sa olyan szervezetekkel, szem\u00e9lyekkel, akik seg\u00edthetik fejl\u0151d\u00e9s\u00fcket.<\/p>\r\n\r\n\r\n\r\n<p>A tehets\u00e9ggondoz\u00f3 programra olyan autizmus spektrum zavarral \u00e9l\u0151, 6-30 \u00e9ves kor\u00fa gyermekek \u00e9s fiatal feln\u0151ttek jelentkez\u00e9s\u00e9t v\u00e1rjuk, akik valamilyen kiemelked\u0151 k\u00e9pess\u00e9ggel, tehets\u00e9ggel rendelkeznek.<\/p>\r\n\r\n\r\n\r\n<p>A p\u00e1ly\u00e1zat beny\u00fajt\u00e1s\u00e1val az al\u00e1bbi ter\u00fcletekre k\u00e9rhet\u0151 t\u00e1mogat\u00e1s: zene, k\u00e9pz\u0151m\u0171v\u00e9szet, egy\u00e9b m\u0171v\u00e9szeti \u00e1gak (mozg\u00f3k\u00e9p, fot\u00f3, stb.), sport, tudom\u00e1ny (kutat\u00e1s, fejleszt\u00e9s, innov\u00e1ci\u00f3) sz\u00e1m\u00edt\u00e1stechnika, valamint a tehets\u00e9g kibontakoztat\u00e1s\u00e1t seg\u00edt\u0151 mentori, pedag\u00f3giai, egy\u00e9b t\u00e1mogat\u00f3 tev\u00e9kenys\u00e9g, ter\u00e1pia.<\/p>\r\n\r\n\r\n\r\n<p>Az ig\u00e9nyelhet\u0151 t\u00e1mogat\u00e1s m\u00e9rt\u00e9ke 100.000 Ft-t\u00f3l, 1.000.000 Ft-ig terjedhet.<\/p>\r\n\r\n\r\n\r\n<p>&nbsp;<\/p>\r\n\r\n<p style=\"color: #094cbc;\"><strong>Jelentkez\u00e9si hat\u00e1rid\u0151: 2025. j\u00fanius 30.<\/strong><\/p>\r\n\r\n<p>Az AUTTALENT 2025 teljes p\u00e1ly\u00e1zati programja <a href=\"https:\/\/egyuttazautistakert.hu\/wp-content\/uploads\/2025\/02\/pa\u0301lya\u0301zati-kii\u0301ra\u0301s2025-3.pdf\" target=\"_blank\" rel=\"noreferrer noopener\" data-type=\"URL\" data-id=\"https:\/\/egyuttazautistakert.hu\/wp-content\/uploads\/2025\/02\/pa\u0301lya\u0301zati-kii\u0301ra\u0301s2025-3.pdf\">itt olvashat\u00f3<\/a>.<\/p>\r\n\r\n\r\n\r\n<figure class=\"wp-block-image size-large\"><img loading=\"lazy\" decoding=\"async\" width=\"819\" height=\"1024\" class=\"wp-image-8074\" src=\"https:\/\/egyuttazautistakert.hu\/wp-content\/uploads\/2025\/02\/IMG-20250214-WA0015-819x1024.jpg\" alt=\"\" srcset=\"https:\/\/egyuttazautistakert.hu\/wp-content\/uploads\/2025\/02\/IMG-20250214-WA0015-819x1024.jpg 819w, https:\/\/egyuttazautistakert.hu\/wp-content\/uploads\/2025\/02\/IMG-20250214-WA0015-240x300.jpg 240w, https:\/\/egyuttazautistakert.hu\/wp-content\/uploads\/2025\/02\/IMG-20250214-WA0015-768x961.jpg 768w, https:\/\/egyuttazautistakert.hu\/wp-content\/uploads\/2025\/02\/IMG-20250214-WA0015-1228x1536.jpg 1228w, https:\/\/egyuttazautistakert.hu\/wp-content\/uploads\/2025\/02\/IMG-20250214-WA0015-324x405.jpg 324w, https:\/\/egyuttazautistakert.hu\/wp-content\/uploads\/2025\/02\/IMG-20250214-WA0015-416x520.jpg 416w, https:\/\/egyuttazautistakert.hu\/wp-content\/uploads\/2025\/02\/IMG-20250214-WA0015.jpg 1279w\" sizes=\"auto, (max-width: 819px) 100vw, 819px\" \/><\/figure>\r\n","protected":false},"excerpt":{"rendered":"<p>Alap\u00edtv\u00e1nyunk \u00fajra tehets\u00e9ggondoz\u00f3 programot ind\u00edt, autizmus spektrum zavarral \u00e9l\u0151 gyermekek \u00e9s fiatalok sz\u00e1m\u00e1ra. Az AUTTALENT 2025 p\u00e1ly\u00e1zat c\u00e9lja, hogy k\u00e9pess\u00e9geik kibontakoztat\u00e1sa r\u00e9v\u00e9n seg\u00edtse az \u00e9rintett fiatalok integr\u00e1ci\u00f3j\u00e1t, tov\u00e1bb\u00e1 az autizmus spektrum\u00e1llapot sz\u00e9lesk\u00f6r\u0171 megismertet\u00e9se, a befogad\u00e1s \u00e9s az elfogad\u00e1s el\u0151seg\u00edt\u00e9se, a tehets\u00e9ges fiatalok \u00f6sszekapcsol\u00e1sa olyan szervezetekkel, szem\u00e9lyekkel, akik seg\u00edthetik fejl\u0151d\u00e9s\u00fcket. A tehets\u00e9ggondoz\u00f3 programra olyan autizmus spektrum [&hellip;]<\/p>\n","protected":false},"author":1,"featured_media":0,"parent":0,"menu_order":0,"comment_status":"closed","ping_status":"closed","template":"page-about.php","meta":{"footnotes":""},"class_list":["post-8330","page","type-page","status-publish","hentry"],"yoast_head":"<!-- This site is optimized with the Yoast SEO plugin v27.0 - https:\/\/yoast.com\/product\/yoast-seo-wordpress\/ -->\n<title>AUTTALENT 2025 - Egy\u00fctt az Autist\u00e1k\u00e9rt<\/title>\n<meta name=\"robots\" content=\"index, follow, max-snippet:-1, max-image-preview:large, max-video-preview:-1\" \/>\n<link rel=\"canonical\" href=\"https:\/\/egyuttazautistakert.hu\/en\/auttalent-2025\/\" \/>\n<meta property=\"og:locale\" content=\"en_US\" \/>\n<meta property=\"og:type\" content=\"article\" \/>\n<meta property=\"og:title\" content=\"AUTTALENT 2025 - Egy\u00fctt az Autist\u00e1k\u00e9rt\" \/>\n<meta property=\"og:description\" content=\"Alap\u00edtv\u00e1nyunk \u00fajra tehets\u00e9ggondoz\u00f3 programot ind\u00edt, autizmus spektrum zavarral \u00e9l\u0151 gyermekek \u00e9s fiatalok sz\u00e1m\u00e1ra. Az AUTTALENT 2025 p\u00e1ly\u00e1zat c\u00e9lja, hogy k\u00e9pess\u00e9geik kibontakoztat\u00e1sa r\u00e9v\u00e9n seg\u00edtse az \u00e9rintett fiatalok integr\u00e1ci\u00f3j\u00e1t, tov\u00e1bb\u00e1 az autizmus spektrum\u00e1llapot sz\u00e9lesk\u00f6r\u0171 megismertet\u00e9se, a befogad\u00e1s \u00e9s az elfogad\u00e1s el\u0151seg\u00edt\u00e9se, a tehets\u00e9ges fiatalok \u00f6sszekapcsol\u00e1sa olyan szervezetekkel, szem\u00e9lyekkel, akik seg\u00edthetik fejl\u0151d\u00e9s\u00fcket. A tehets\u00e9ggondoz\u00f3 programra olyan autizmus spektrum [&hellip;]\" \/>\n<meta property=\"og:url\" content=\"https:\/\/egyuttazautistakert.hu\/en\/auttalent-2025\/\" \/>\n<meta property=\"og:site_name\" content=\"Egy\u00fctt az Autist\u00e1k\u00e9rt\" \/>\n<meta property=\"article:modified_time\" content=\"2026-03-17T19:58:20+00:00\" \/>\n<meta property=\"og:image\" content=\"https:\/\/egyuttazautistakert.hu\/wp-content\/uploads\/2025\/02\/IMG-20250214-WA0015.jpg\" \/>\n\t<meta property=\"og:image:width\" content=\"1279\" \/>\n\t<meta property=\"og:image:height\" content=\"1600\" \/>\n\t<meta property=\"og:image:type\" content=\"image\/jpeg\" \/>\n<meta name=\"twitter:card\" content=\"summary_large_image\" \/>\n<meta name=\"twitter:label1\" content=\"Est. reading time\" \/>\n\t<meta name=\"twitter:data1\" content=\"1 minute\" \/>\n<script type=\"application\/ld+json\" class=\"yoast-schema-graph\">{\"@context\":\"https:\/\/schema.org\",\"@graph\":[{\"@type\":\"WebPage\",\"@id\":\"https:\/\/egyuttazautistakert.hu\/en\/auttalent-2025\/\",\"url\":\"https:\/\/egyuttazautistakert.hu\/en\/auttalent-2025\/\",\"name\":\"AUTTALENT 2025 - Egy\u00fctt az Autist\u00e1k\u00e9rt\",\"isPartOf\":{\"@id\":\"https:\/\/egyuttazautistakert.hu\/en\/#website\"},\"primaryImageOfPage\":{\"@id\":\"https:\/\/egyuttazautistakert.hu\/en\/auttalent-2025\/#primaryimage\"},\"image\":{\"@id\":\"https:\/\/egyuttazautistakert.hu\/en\/auttalent-2025\/#primaryimage\"},\"thumbnailUrl\":\"https:\/\/egyuttazautistakert.hu\/wp-content\/uploads\/2025\/02\/IMG-20250214-WA0015-819x1024.jpg\",\"datePublished\":\"2025-02-14T14:00:02+00:00\",\"dateModified\":\"2026-03-17T19:58:20+00:00\",\"breadcrumb\":{\"@id\":\"https:\/\/egyuttazautistakert.hu\/en\/auttalent-2025\/#breadcrumb\"},\"inLanguage\":\"en-US\",\"potentialAction\":[{\"@type\":\"ReadAction\",\"target\":[\"https:\/\/egyuttazautistakert.hu\/en\/auttalent-2025\/\"]}]},{\"@type\":\"ImageObject\",\"inLanguage\":\"en-US\",\"@id\":\"https:\/\/egyuttazautistakert.hu\/en\/auttalent-2025\/#primaryimage\",\"url\":\"https:\/\/egyuttazautistakert.hu\/wp-content\/uploads\/2025\/02\/IMG-20250214-WA0015-819x1024.jpg\",\"contentUrl\":\"https:\/\/egyuttazautistakert.hu\/wp-content\/uploads\/2025\/02\/IMG-20250214-WA0015-819x1024.jpg\"},{\"@type\":\"BreadcrumbList\",\"@id\":\"https:\/\/egyuttazautistakert.hu\/en\/auttalent-2025\/#breadcrumb\",\"itemListElement\":[{\"@type\":\"ListItem\",\"position\":1,\"name\":\"Home\",\"item\":\"https:\/\/egyuttazautistakert.hu\/en\/\"},{\"@type\":\"ListItem\",\"position\":2,\"name\":\"AUTTALENT 2025\"}]},{\"@type\":\"WebSite\",\"@id\":\"https:\/\/egyuttazautistakert.hu\/en\/#website\",\"url\":\"https:\/\/egyuttazautistakert.hu\/en\/\",\"name\":\"Egy\u00fctt az Autist\u00e1k\u00e9rt\",\"description\":\"Meg\u00e9rteni. Elfogadni. Seg\u00edteni.\",\"potentialAction\":[{\"@type\":\"SearchAction\",\"target\":{\"@type\":\"EntryPoint\",\"urlTemplate\":\"https:\/\/egyuttazautistakert.hu\/en\/?s={search_term_string}\"},\"query-input\":{\"@type\":\"PropertyValueSpecification\",\"valueRequired\":true,\"valueName\":\"search_term_string\"}}],\"inLanguage\":\"en-US\"}]}<\/script>\n<!-- \/ Yoast SEO plugin. -->","yoast_head_json":{"title":"AUTTALENT 2025 - Egy\u00fctt az Autist\u00e1k\u00e9rt","robots":{"index":"index","follow":"follow","max-snippet":"max-snippet:-1","max-image-preview":"max-image-preview:large","max-video-preview":"max-video-preview:-1"},"canonical":"https:\/\/egyuttazautistakert.hu\/en\/auttalent-2025\/","og_locale":"en_US","og_type":"article","og_title":"AUTTALENT 2025 - Egy\u00fctt az Autist\u00e1k\u00e9rt","og_description":"Alap\u00edtv\u00e1nyunk \u00fajra tehets\u00e9ggondoz\u00f3 programot ind\u00edt, autizmus spektrum zavarral \u00e9l\u0151 gyermekek \u00e9s fiatalok sz\u00e1m\u00e1ra. Az AUTTALENT 2025 p\u00e1ly\u00e1zat c\u00e9lja, hogy k\u00e9pess\u00e9geik kibontakoztat\u00e1sa r\u00e9v\u00e9n seg\u00edtse az \u00e9rintett fiatalok integr\u00e1ci\u00f3j\u00e1t, tov\u00e1bb\u00e1 az autizmus spektrum\u00e1llapot sz\u00e9lesk\u00f6r\u0171 megismertet\u00e9se, a befogad\u00e1s \u00e9s az elfogad\u00e1s el\u0151seg\u00edt\u00e9se, a tehets\u00e9ges fiatalok \u00f6sszekapcsol\u00e1sa olyan szervezetekkel, szem\u00e9lyekkel, akik seg\u00edthetik fejl\u0151d\u00e9s\u00fcket. A tehets\u00e9ggondoz\u00f3 programra olyan autizmus spektrum [&hellip;]","og_url":"https:\/\/egyuttazautistakert.hu\/en\/auttalent-2025\/","og_site_name":"Egy\u00fctt az Autist\u00e1k\u00e9rt","article_modified_time":"2026-03-17T19:58:20+00:00","og_image":[{"width":1279,"height":1600,"url":"https:\/\/egyuttazautistakert.hu\/wp-content\/uploads\/2025\/02\/IMG-20250214-WA0015.jpg","type":"image\/jpeg"}],"twitter_card":"summary_large_image","twitter_misc":{"Est. reading time":"1 minute"},"schema":{"@context":"https:\/\/schema.org","@graph":[{"@type":"WebPage","@id":"https:\/\/egyuttazautistakert.hu\/en\/auttalent-2025\/","url":"https:\/\/egyuttazautistakert.hu\/en\/auttalent-2025\/","name":"AUTTALENT 2025 - Egy\u00fctt az Autist\u00e1k\u00e9rt","isPartOf":{"@id":"https:\/\/egyuttazautistakert.hu\/en\/#website"},"primaryImageOfPage":{"@id":"https:\/\/egyuttazautistakert.hu\/en\/auttalent-2025\/#primaryimage"},"image":{"@id":"https:\/\/egyuttazautistakert.hu\/en\/auttalent-2025\/#primaryimage"},"thumbnailUrl":"https:\/\/egyuttazautistakert.hu\/wp-content\/uploads\/2025\/02\/IMG-20250214-WA0015-819x1024.jpg","datePublished":"2025-02-14T14:00:02+00:00","dateModified":"2026-03-17T19:58:20+00:00","breadcrumb":{"@id":"https:\/\/egyuttazautistakert.hu\/en\/auttalent-2025\/#breadcrumb"},"inLanguage":"en-US","potentialAction":[{"@type":"ReadAction","target":["https:\/\/egyuttazautistakert.hu\/en\/auttalent-2025\/"]}]},{"@type":"ImageObject","inLanguage":"en-US","@id":"https:\/\/egyuttazautistakert.hu\/en\/auttalent-2025\/#primaryimage","url":"https:\/\/egyuttazautistakert.hu\/wp-content\/uploads\/2025\/02\/IMG-20250214-WA0015-819x1024.jpg","contentUrl":"https:\/\/egyuttazautistakert.hu\/wp-content\/uploads\/2025\/02\/IMG-20250214-WA0015-819x1024.jpg"},{"@type":"BreadcrumbList","@id":"https:\/\/egyuttazautistakert.hu\/en\/auttalent-2025\/#breadcrumb","itemListElement":[{"@type":"ListItem","position":1,"name":"Home","item":"https:\/\/egyuttazautistakert.hu\/en\/"},{"@type":"ListItem","position":2,"name":"AUTTALENT 2025"}]},{"@type":"WebSite","@id":"https:\/\/egyuttazautistakert.hu\/en\/#website","url":"https:\/\/egyuttazautistakert.hu\/en\/","name":"Egy\u00fctt az Autist\u00e1k\u00e9rt","description":"Meg\u00e9rteni. Elfogadni. Seg\u00edteni.","potentialAction":[{"@type":"SearchAction","target":{"@type":"EntryPoint","urlTemplate":"https:\/\/egyuttazautistakert.hu\/en\/?s={search_term_string}"},"query-input":{"@type":"PropertyValueSpecification","valueRequired":true,"valueName":"search_term_string"}}],"inLanguage":"en-US"}]}},"_links":{"self":[{"href":"https:\/\/egyuttazautistakert.hu\/en\/wp-json\/wp\/v2\/pages\/8330","targetHints":{"allow":["GET"]}}],"collection":[{"href":"https:\/\/egyuttazautistakert.hu\/en\/wp-json\/wp\/v2\/pages"}],"about":[{"href":"https:\/\/egyuttazautistakert.hu\/en\/wp-json\/wp\/v2\/types\/page"}],"author":[{"embeddable":true,"href":"https:\/\/egyuttazautistakert.hu\/en\/wp-json\/wp\/v2\/users\/1"}],"replies":[{"embeddable":true,"href":"https:\/\/egyuttazautistakert.hu\/en\/wp-json\/wp\/v2\/comments?post=8330"}],"version-history":[{"count":2,"href":"https:\/\/egyuttazautistakert.hu\/en\/wp-json\/wp\/v2\/pages\/8330\/revisions"}],"predecessor-version":[{"id":8332,"href":"https:\/\/egyuttazautistakert.hu\/en\/wp-json\/wp\/v2\/pages\/8330\/revisions\/8332"}],"wp:attachment":[{"href":"https:\/\/egyuttazautistakert.hu\/en\/wp-json\/wp\/v2\/media?parent=8330"}],"curies":[{"name":"wp","href":"https:\/\/api.w.org\/{rel}","templated":true}]}}