{"id":1438,"date":"2020-05-12T10:40:26","date_gmt":"2020-05-12T10:40:26","guid":{"rendered":"https:\/\/egyuttazautistakert.hu\/kozerdeku-informaciok\/"},"modified":"2020-12-05T15:25:18","modified_gmt":"2020-12-05T15:25:18","slug":"information-of-public-interest","status":"publish","type":"page","link":"https:\/\/egyuttazautistakert.hu\/en\/information-of-public-interest\/","title":{"rendered":"Information of public interest"},"content":{"rendered":"\n<h2 class=\"wp-block-heading\">Together for Autism Foundation<\/h2>\n\n\n\n<ul class=\"wp-block-list\"><li><a href=\"http:\/\/eaa.local\/wp-admin\/post.php?post=294&amp;action=edit#\">Deed of Foundation<\/a><\/li><li><a href=\"http:\/\/eaa.local\/wp-admin\/post.php?post=294&amp;action=edit#\">Master data<\/a><\/li><\/ul>\n\n\n\n<ul class=\"wp-block-list\"><li>Community VAT number:: 18745964-2-41<\/li><li>Registration number: 13-01-0003784<\/li><li>Statistical code: 18745964-9499-569-01<\/li><li>Non-profit classification \u2013 non-profit organisation<\/li><li>Year of foundation: 2017<\/li><\/ul>\n\n\n\n<ul class=\"wp-block-list\"><li>The decision-making body of the Foundation is the Board of Trustees, which consists of three members:<\/li><\/ul>\n\n\n\n<ul class=\"wp-block-list\"><li>Szilvia Szijj\u00e1rt\u00f3-Nagy \u2013 president of the Foundation<\/li><li>Laura Nyakas \u2013 member of the Board of Trustees<\/li><li>Bal\u00e1zs Gubcs\u00f3 \u2013 member of the Board of Trustees<\/li><\/ul>\n","protected":false},"excerpt":{"rendered":"<p>Together for Autism Foundation Deed of Foundation Master data Community VAT number:: 18745964-2-41 Registration number: 13-01-0003784 Statistical code: 18745964-9499-569-01 Non-profit classification \u2013 non-profit organisation Year of foundation: 2017 The decision-making body of the Foundation is the Board of Trustees, which consists of three members: Szilvia Szijj\u00e1rt\u00f3-Nagy \u2013 president of the Foundation Laura Nyakas \u2013 member [&hellip;]<\/p>\n","protected":false},"author":2,"featured_media":0,"parent":0,"menu_order":0,"comment_status":"closed","ping_status":"closed","template":"page-about.php","meta":{"footnotes":""},"class_list":["post-1438","page","type-page","status-publish","hentry"],"yoast_head":"<!-- This site is optimized with the Yoast SEO plugin v27.0 - https:\/\/yoast.com\/product\/yoast-seo-wordpress\/ -->\n<title>Information of public interest - Egy\u00fctt az Autist\u00e1k\u00e9rt<\/title>\n<meta name=\"robots\" content=\"index, follow, max-snippet:-1, max-image-preview:large, max-video-preview:-1\" \/>\n<link rel=\"canonical\" href=\"https:\/\/egyuttazautistakert.hu\/en\/information-of-public-interest\/\" \/>\n<meta property=\"og:locale\" content=\"en_US\" \/>\n<meta property=\"og:type\" content=\"article\" \/>\n<meta property=\"og:title\" content=\"Information of public interest - Egy\u00fctt az Autist\u00e1k\u00e9rt\" \/>\n<meta property=\"og:description\" content=\"Together for Autism Foundation Deed of Foundation Master data Community VAT number:: 18745964-2-41 Registration number: 13-01-0003784 Statistical code: 18745964-9499-569-01 Non-profit classification \u2013 non-profit organisation Year of foundation: 2017 The decision-making body of the Foundation is the Board of Trustees, which consists of three members: Szilvia Szijj\u00e1rt\u00f3-Nagy \u2013 president of the Foundation Laura Nyakas \u2013 member [&hellip;]\" \/>\n<meta property=\"og:url\" content=\"https:\/\/egyuttazautistakert.hu\/en\/information-of-public-interest\/\" \/>\n<meta property=\"og:site_name\" content=\"Egy\u00fctt az Autist\u00e1k\u00e9rt\" \/>\n<meta property=\"article:modified_time\" content=\"2020-12-05T15:25:18+00:00\" \/>\n<meta name=\"twitter:card\" content=\"summary_large_image\" \/>\n<script type=\"application\/ld+json\" class=\"yoast-schema-graph\">{\"@context\":\"https:\/\/schema.org\",\"@graph\":[{\"@type\":\"WebPage\",\"@id\":\"https:\/\/egyuttazautistakert.hu\/en\/information-of-public-interest\/\",\"url\":\"https:\/\/egyuttazautistakert.hu\/en\/information-of-public-interest\/\",\"name\":\"Information of public interest - Egy\u00fctt az Autist\u00e1k\u00e9rt\",\"isPartOf\":{\"@id\":\"https:\/\/egyuttazautistakert.hu\/en\/#website\"},\"datePublished\":\"2020-05-12T10:40:26+00:00\",\"dateModified\":\"2020-12-05T15:25:18+00:00\",\"breadcrumb\":{\"@id\":\"https:\/\/egyuttazautistakert.hu\/en\/information-of-public-interest\/#breadcrumb\"},\"inLanguage\":\"en-US\",\"potentialAction\":[{\"@type\":\"ReadAction\",\"target\":[\"https:\/\/egyuttazautistakert.hu\/en\/information-of-public-interest\/\"]}]},{\"@type\":\"BreadcrumbList\",\"@id\":\"https:\/\/egyuttazautistakert.hu\/en\/information-of-public-interest\/#breadcrumb\",\"itemListElement\":[{\"@type\":\"ListItem\",\"position\":1,\"name\":\"Home\",\"item\":\"https:\/\/egyuttazautistakert.hu\/en\/\"},{\"@type\":\"ListItem\",\"position\":2,\"name\":\"Information of public interest\"}]},{\"@type\":\"WebSite\",\"@id\":\"https:\/\/egyuttazautistakert.hu\/en\/#website\",\"url\":\"https:\/\/egyuttazautistakert.hu\/en\/\",\"name\":\"Egy\u00fctt az Autist\u00e1k\u00e9rt\",\"description\":\"Meg\u00e9rteni. Elfogadni. Seg\u00edteni.\",\"potentialAction\":[{\"@type\":\"SearchAction\",\"target\":{\"@type\":\"EntryPoint\",\"urlTemplate\":\"https:\/\/egyuttazautistakert.hu\/en\/?s={search_term_string}\"},\"query-input\":{\"@type\":\"PropertyValueSpecification\",\"valueRequired\":true,\"valueName\":\"search_term_string\"}}],\"inLanguage\":\"en-US\"}]}<\/script>\n<!-- \/ Yoast SEO plugin. -->","yoast_head_json":{"title":"Information of public interest - Egy\u00fctt az Autist\u00e1k\u00e9rt","robots":{"index":"index","follow":"follow","max-snippet":"max-snippet:-1","max-image-preview":"max-image-preview:large","max-video-preview":"max-video-preview:-1"},"canonical":"https:\/\/egyuttazautistakert.hu\/en\/information-of-public-interest\/","og_locale":"en_US","og_type":"article","og_title":"Information of public interest - Egy\u00fctt az Autist\u00e1k\u00e9rt","og_description":"Together for Autism Foundation Deed of Foundation Master data Community VAT number:: 18745964-2-41 Registration number: 13-01-0003784 Statistical code: 18745964-9499-569-01 Non-profit classification \u2013 non-profit organisation Year of foundation: 2017 The decision-making body of the Foundation is the Board of Trustees, which consists of three members: Szilvia Szijj\u00e1rt\u00f3-Nagy \u2013 president of the Foundation Laura Nyakas \u2013 member [&hellip;]","og_url":"https:\/\/egyuttazautistakert.hu\/en\/information-of-public-interest\/","og_site_name":"Egy\u00fctt az Autist\u00e1k\u00e9rt","article_modified_time":"2020-12-05T15:25:18+00:00","twitter_card":"summary_large_image","schema":{"@context":"https:\/\/schema.org","@graph":[{"@type":"WebPage","@id":"https:\/\/egyuttazautistakert.hu\/en\/information-of-public-interest\/","url":"https:\/\/egyuttazautistakert.hu\/en\/information-of-public-interest\/","name":"Information of public interest - Egy\u00fctt az Autist\u00e1k\u00e9rt","isPartOf":{"@id":"https:\/\/egyuttazautistakert.hu\/en\/#website"},"datePublished":"2020-05-12T10:40:26+00:00","dateModified":"2020-12-05T15:25:18+00:00","breadcrumb":{"@id":"https:\/\/egyuttazautistakert.hu\/en\/information-of-public-interest\/#breadcrumb"},"inLanguage":"en-US","potentialAction":[{"@type":"ReadAction","target":["https:\/\/egyuttazautistakert.hu\/en\/information-of-public-interest\/"]}]},{"@type":"BreadcrumbList","@id":"https:\/\/egyuttazautistakert.hu\/en\/information-of-public-interest\/#breadcrumb","itemListElement":[{"@type":"ListItem","position":1,"name":"Home","item":"https:\/\/egyuttazautistakert.hu\/en\/"},{"@type":"ListItem","position":2,"name":"Information of public interest"}]},{"@type":"WebSite","@id":"https:\/\/egyuttazautistakert.hu\/en\/#website","url":"https:\/\/egyuttazautistakert.hu\/en\/","name":"Egy\u00fctt az Autist\u00e1k\u00e9rt","description":"Meg\u00e9rteni. Elfogadni. Seg\u00edteni.","potentialAction":[{"@type":"SearchAction","target":{"@type":"EntryPoint","urlTemplate":"https:\/\/egyuttazautistakert.hu\/en\/?s={search_term_string}"},"query-input":{"@type":"PropertyValueSpecification","valueRequired":true,"valueName":"search_term_string"}}],"inLanguage":"en-US"}]}},"_links":{"self":[{"href":"https:\/\/egyuttazautistakert.hu\/en\/wp-json\/wp\/v2\/pages\/1438","targetHints":{"allow":["GET"]}}],"collection":[{"href":"https:\/\/egyuttazautistakert.hu\/en\/wp-json\/wp\/v2\/pages"}],"about":[{"href":"https:\/\/egyuttazautistakert.hu\/en\/wp-json\/wp\/v2\/types\/page"}],"author":[{"embeddable":true,"href":"https:\/\/egyuttazautistakert.hu\/en\/wp-json\/wp\/v2\/users\/2"}],"replies":[{"embeddable":true,"href":"https:\/\/egyuttazautistakert.hu\/en\/wp-json\/wp\/v2\/comments?post=1438"}],"version-history":[{"count":1,"href":"https:\/\/egyuttazautistakert.hu\/en\/wp-json\/wp\/v2\/pages\/1438\/revisions"}],"predecessor-version":[{"id":1439,"href":"https:\/\/egyuttazautistakert.hu\/en\/wp-json\/wp\/v2\/pages\/1438\/revisions\/1439"}],"wp:attachment":[{"href":"https:\/\/egyuttazautistakert.hu\/en\/wp-json\/wp\/v2\/media?parent=1438"}],"curies":[{"name":"wp","href":"https:\/\/api.w.org\/{rel}","templated":true}]}}