{"id":1434,"date":"2020-05-12T10:38:04","date_gmt":"2020-05-12T10:38:04","guid":{"rendered":"https:\/\/egyuttazautistakert.hu\/csapatunk\/"},"modified":"2020-12-05T15:18:49","modified_gmt":"2020-12-05T15:18:49","slug":"our-team","status":"publish","type":"page","link":"https:\/\/egyuttazautistakert.hu\/en\/our-team\/","title":{"rendered":"Our team"},"content":{"rendered":"\n<div class=\"wp-block-columns is-layout-flex wp-container-core-columns-is-layout-9d6595d7 wp-block-columns-is-layout-flex\">\n<div class=\"wp-block-column is-layout-flow wp-block-column-is-layout-flow\">\n<figure class=\"wp-block-image size-large\"><img loading=\"lazy\" decoding=\"async\" width=\"444\" height=\"444\" src=\"https:\/\/egyuttazautistakert.hu\/wp-content\/uploads\/2020\/05\/Szilvi.png\" alt=\"\" class=\"wp-image-315\" srcset=\"https:\/\/egyuttazautistakert.hu\/wp-content\/uploads\/2020\/05\/Szilvi.png 444w, https:\/\/egyuttazautistakert.hu\/wp-content\/uploads\/2020\/05\/Szilvi-324x324.png 324w, https:\/\/egyuttazautistakert.hu\/wp-content\/uploads\/2020\/05\/Szilvi-100x100.png 100w, https:\/\/egyuttazautistakert.hu\/wp-content\/uploads\/2020\/05\/Szilvi-416x416.png 416w, https:\/\/egyuttazautistakert.hu\/wp-content\/uploads\/2020\/05\/Szilvi-300x300.png 300w, https:\/\/egyuttazautistakert.hu\/wp-content\/uploads\/2020\/05\/Szilvi-150x150.png 150w\" sizes=\"auto, (max-width: 444px) 100vw, 444px\" \/><\/figure>\n\n\n\n<h2 class=\"has-text-align-center wp-block-heading\">Szijj\u00e1rt\u00f3-Nagy Szilvia<\/h2>\n\n\n\n<h3 class=\"has-text-align-center wp-block-heading\">President the foundation<\/h3>\n<\/div>\n\n\n\n<div class=\"wp-block-column is-layout-flow wp-block-column-is-layout-flow\">\n<figure class=\"wp-block-image size-large\"><img loading=\"lazy\" decoding=\"async\" width=\"444\" height=\"444\" src=\"https:\/\/egyuttazautistakert.hu\/wp-content\/uploads\/2020\/05\/image-team-2.png\" alt=\"\" class=\"wp-image-299\" srcset=\"https:\/\/egyuttazautistakert.hu\/wp-content\/uploads\/2020\/05\/image-team-2.png 444w, https:\/\/egyuttazautistakert.hu\/wp-content\/uploads\/2020\/05\/image-team-2-324x324.png 324w, https:\/\/egyuttazautistakert.hu\/wp-content\/uploads\/2020\/05\/image-team-2-100x100.png 100w, https:\/\/egyuttazautistakert.hu\/wp-content\/uploads\/2020\/05\/image-team-2-416x416.png 416w, https:\/\/egyuttazautistakert.hu\/wp-content\/uploads\/2020\/05\/image-team-2-300x300.png 300w, https:\/\/egyuttazautistakert.hu\/wp-content\/uploads\/2020\/05\/image-team-2-150x150.png 150w\" sizes=\"auto, (max-width: 444px) 100vw, 444px\" \/><\/figure>\n\n\n\n<h2 class=\"has-text-align-center wp-block-heading\">Nyakas Laura<\/h2>\n\n\n\n<h3 class=\"has-text-align-center wp-block-heading\">Member of the board of trustees<\/h3>\n<\/div>\n<\/div>\n\n\n\n<div class=\"wp-block-columns is-layout-flex wp-container-core-columns-is-layout-9d6595d7 wp-block-columns-is-layout-flex\">\n<div class=\"wp-block-column is-layout-flow wp-block-column-is-layout-flow\">\n<figure class=\"wp-block-image size-large\"><img loading=\"lazy\" decoding=\"async\" width=\"444\" height=\"444\" src=\"https:\/\/egyuttazautistakert.hu\/wp-content\/uploads\/2020\/05\/image-team-3.png\" alt=\"\" class=\"wp-image-300\" srcset=\"https:\/\/egyuttazautistakert.hu\/wp-content\/uploads\/2020\/05\/image-team-3.png 444w, https:\/\/egyuttazautistakert.hu\/wp-content\/uploads\/2020\/05\/image-team-3-324x324.png 324w, https:\/\/egyuttazautistakert.hu\/wp-content\/uploads\/2020\/05\/image-team-3-100x100.png 100w, https:\/\/egyuttazautistakert.hu\/wp-content\/uploads\/2020\/05\/image-team-3-416x416.png 416w, https:\/\/egyuttazautistakert.hu\/wp-content\/uploads\/2020\/05\/image-team-3-300x300.png 300w, https:\/\/egyuttazautistakert.hu\/wp-content\/uploads\/2020\/05\/image-team-3-150x150.png 150w\" sizes=\"auto, (max-width: 444px) 100vw, 444px\" \/><\/figure>\n\n\n\n<h2 class=\"has-text-align-center wp-block-heading\">Gubcs\u00f3 Bal\u00e1zs<\/h2>\n\n\n\n<h3 class=\"has-text-align-center wp-block-heading\">Member of the board of trustees<\/h3>\n<\/div>\n\n\n\n<div class=\"wp-block-column is-layout-flow wp-block-column-is-layout-flow\">\n<figure class=\"wp-block-image size-large\"><img loading=\"lazy\" decoding=\"async\" width=\"444\" height=\"444\" src=\"https:\/\/egyuttazautistakert.hu\/wp-content\/uploads\/2020\/05\/Laura.png\" alt=\"\" class=\"wp-image-316\" srcset=\"https:\/\/egyuttazautistakert.hu\/wp-content\/uploads\/2020\/05\/Laura.png 444w, https:\/\/egyuttazautistakert.hu\/wp-content\/uploads\/2020\/05\/Laura-324x324.png 324w, https:\/\/egyuttazautistakert.hu\/wp-content\/uploads\/2020\/05\/Laura-100x100.png 100w, https:\/\/egyuttazautistakert.hu\/wp-content\/uploads\/2020\/05\/Laura-416x416.png 416w, https:\/\/egyuttazautistakert.hu\/wp-content\/uploads\/2020\/05\/Laura-300x300.png 300w, https:\/\/egyuttazautistakert.hu\/wp-content\/uploads\/2020\/05\/Laura-150x150.png 150w\" sizes=\"auto, (max-width: 444px) 100vw, 444px\" \/><\/figure>\n\n\n\n<h2 class=\"has-text-align-center wp-block-heading\">Szab\u00f3 Laura<\/h2>\n\n\n\n<h3 class=\"has-text-align-center wp-block-heading\">Account manager<\/h3>\n\n\n\n<p><\/p>\n<\/div>\n<\/div>\n\n\n\n<p><\/p>\n","protected":false},"excerpt":{"rendered":"<p>Szijj\u00e1rt\u00f3-Nagy Szilvia President the foundation Nyakas Laura Member of the board of trustees Gubcs\u00f3 Bal\u00e1zs Member of the board of trustees Szab\u00f3 Laura Account manager<\/p>\n","protected":false},"author":2,"featured_media":0,"parent":0,"menu_order":0,"comment_status":"closed","ping_status":"closed","template":"page-about.php","meta":{"footnotes":""},"class_list":["post-1434","page","type-page","status-publish","hentry"],"yoast_head":"<!-- This site is optimized with the Yoast SEO plugin v27.0 - https:\/\/yoast.com\/product\/yoast-seo-wordpress\/ -->\n<title>Our team - Egy\u00fctt az Autist\u00e1k\u00e9rt<\/title>\n<meta name=\"robots\" content=\"index, follow, max-snippet:-1, max-image-preview:large, max-video-preview:-1\" \/>\n<link rel=\"canonical\" href=\"https:\/\/egyuttazautistakert.hu\/en\/our-team\/\" \/>\n<meta property=\"og:locale\" content=\"en_US\" \/>\n<meta property=\"og:type\" content=\"article\" \/>\n<meta property=\"og:title\" content=\"Our team - Egy\u00fctt az Autist\u00e1k\u00e9rt\" \/>\n<meta property=\"og:description\" content=\"Szijj\u00e1rt\u00f3-Nagy Szilvia President the foundation Nyakas Laura Member of the board of trustees Gubcs\u00f3 Bal\u00e1zs Member of the board of trustees Szab\u00f3 Laura Account manager\" \/>\n<meta property=\"og:url\" content=\"https:\/\/egyuttazautistakert.hu\/en\/our-team\/\" \/>\n<meta property=\"og:site_name\" content=\"Egy\u00fctt az Autist\u00e1k\u00e9rt\" \/>\n<meta property=\"article:modified_time\" content=\"2020-12-05T15:18:49+00:00\" \/>\n<meta property=\"og:image\" content=\"https:\/\/egyuttazautistakert.hu\/wp-content\/uploads\/2020\/05\/Szilvi.png\" \/>\n<meta name=\"twitter:card\" content=\"summary_large_image\" \/>\n<script type=\"application\/ld+json\" class=\"yoast-schema-graph\">{\"@context\":\"https:\/\/schema.org\",\"@graph\":[{\"@type\":\"WebPage\",\"@id\":\"https:\/\/egyuttazautistakert.hu\/en\/our-team\/\",\"url\":\"https:\/\/egyuttazautistakert.hu\/en\/our-team\/\",\"name\":\"Our team - Egy\u00fctt az Autist\u00e1k\u00e9rt\",\"isPartOf\":{\"@id\":\"https:\/\/egyuttazautistakert.hu\/en\/#website\"},\"primaryImageOfPage\":{\"@id\":\"https:\/\/egyuttazautistakert.hu\/en\/our-team\/#primaryimage\"},\"image\":{\"@id\":\"https:\/\/egyuttazautistakert.hu\/en\/our-team\/#primaryimage\"},\"thumbnailUrl\":\"https:\/\/egyuttazautistakert.hu\/wp-content\/uploads\/2020\/05\/Szilvi.png\",\"datePublished\":\"2020-05-12T10:38:04+00:00\",\"dateModified\":\"2020-12-05T15:18:49+00:00\",\"breadcrumb\":{\"@id\":\"https:\/\/egyuttazautistakert.hu\/en\/our-team\/#breadcrumb\"},\"inLanguage\":\"en-US\",\"potentialAction\":[{\"@type\":\"ReadAction\",\"target\":[\"https:\/\/egyuttazautistakert.hu\/en\/our-team\/\"]}]},{\"@type\":\"ImageObject\",\"inLanguage\":\"en-US\",\"@id\":\"https:\/\/egyuttazautistakert.hu\/en\/our-team\/#primaryimage\",\"url\":\"https:\/\/egyuttazautistakert.hu\/wp-content\/uploads\/2020\/05\/Szilvi.png\",\"contentUrl\":\"https:\/\/egyuttazautistakert.hu\/wp-content\/uploads\/2020\/05\/Szilvi.png\"},{\"@type\":\"BreadcrumbList\",\"@id\":\"https:\/\/egyuttazautistakert.hu\/en\/our-team\/#breadcrumb\",\"itemListElement\":[{\"@type\":\"ListItem\",\"position\":1,\"name\":\"Home\",\"item\":\"https:\/\/egyuttazautistakert.hu\/en\/\"},{\"@type\":\"ListItem\",\"position\":2,\"name\":\"Our team\"}]},{\"@type\":\"WebSite\",\"@id\":\"https:\/\/egyuttazautistakert.hu\/en\/#website\",\"url\":\"https:\/\/egyuttazautistakert.hu\/en\/\",\"name\":\"Egy\u00fctt az Autist\u00e1k\u00e9rt\",\"description\":\"Meg\u00e9rteni. Elfogadni. Seg\u00edteni.\",\"potentialAction\":[{\"@type\":\"SearchAction\",\"target\":{\"@type\":\"EntryPoint\",\"urlTemplate\":\"https:\/\/egyuttazautistakert.hu\/en\/?s={search_term_string}\"},\"query-input\":{\"@type\":\"PropertyValueSpecification\",\"valueRequired\":true,\"valueName\":\"search_term_string\"}}],\"inLanguage\":\"en-US\"}]}<\/script>\n<!-- \/ Yoast SEO plugin. -->","yoast_head_json":{"title":"Our team - Egy\u00fctt az Autist\u00e1k\u00e9rt","robots":{"index":"index","follow":"follow","max-snippet":"max-snippet:-1","max-image-preview":"max-image-preview:large","max-video-preview":"max-video-preview:-1"},"canonical":"https:\/\/egyuttazautistakert.hu\/en\/our-team\/","og_locale":"en_US","og_type":"article","og_title":"Our team - Egy\u00fctt az Autist\u00e1k\u00e9rt","og_description":"Szijj\u00e1rt\u00f3-Nagy Szilvia President the foundation Nyakas Laura Member of the board of trustees Gubcs\u00f3 Bal\u00e1zs Member of the board of trustees Szab\u00f3 Laura Account manager","og_url":"https:\/\/egyuttazautistakert.hu\/en\/our-team\/","og_site_name":"Egy\u00fctt az Autist\u00e1k\u00e9rt","article_modified_time":"2020-12-05T15:18:49+00:00","og_image":[{"url":"https:\/\/egyuttazautistakert.hu\/wp-content\/uploads\/2020\/05\/Szilvi.png","type":"","width":"","height":""}],"twitter_card":"summary_large_image","schema":{"@context":"https:\/\/schema.org","@graph":[{"@type":"WebPage","@id":"https:\/\/egyuttazautistakert.hu\/en\/our-team\/","url":"https:\/\/egyuttazautistakert.hu\/en\/our-team\/","name":"Our team - Egy\u00fctt az Autist\u00e1k\u00e9rt","isPartOf":{"@id":"https:\/\/egyuttazautistakert.hu\/en\/#website"},"primaryImageOfPage":{"@id":"https:\/\/egyuttazautistakert.hu\/en\/our-team\/#primaryimage"},"image":{"@id":"https:\/\/egyuttazautistakert.hu\/en\/our-team\/#primaryimage"},"thumbnailUrl":"https:\/\/egyuttazautistakert.hu\/wp-content\/uploads\/2020\/05\/Szilvi.png","datePublished":"2020-05-12T10:38:04+00:00","dateModified":"2020-12-05T15:18:49+00:00","breadcrumb":{"@id":"https:\/\/egyuttazautistakert.hu\/en\/our-team\/#breadcrumb"},"inLanguage":"en-US","potentialAction":[{"@type":"ReadAction","target":["https:\/\/egyuttazautistakert.hu\/en\/our-team\/"]}]},{"@type":"ImageObject","inLanguage":"en-US","@id":"https:\/\/egyuttazautistakert.hu\/en\/our-team\/#primaryimage","url":"https:\/\/egyuttazautistakert.hu\/wp-content\/uploads\/2020\/05\/Szilvi.png","contentUrl":"https:\/\/egyuttazautistakert.hu\/wp-content\/uploads\/2020\/05\/Szilvi.png"},{"@type":"BreadcrumbList","@id":"https:\/\/egyuttazautistakert.hu\/en\/our-team\/#breadcrumb","itemListElement":[{"@type":"ListItem","position":1,"name":"Home","item":"https:\/\/egyuttazautistakert.hu\/en\/"},{"@type":"ListItem","position":2,"name":"Our team"}]},{"@type":"WebSite","@id":"https:\/\/egyuttazautistakert.hu\/en\/#website","url":"https:\/\/egyuttazautistakert.hu\/en\/","name":"Egy\u00fctt az Autist\u00e1k\u00e9rt","description":"Meg\u00e9rteni. Elfogadni. Seg\u00edteni.","potentialAction":[{"@type":"SearchAction","target":{"@type":"EntryPoint","urlTemplate":"https:\/\/egyuttazautistakert.hu\/en\/?s={search_term_string}"},"query-input":{"@type":"PropertyValueSpecification","valueRequired":true,"valueName":"search_term_string"}}],"inLanguage":"en-US"}]}},"_links":{"self":[{"href":"https:\/\/egyuttazautistakert.hu\/en\/wp-json\/wp\/v2\/pages\/1434","targetHints":{"allow":["GET"]}}],"collection":[{"href":"https:\/\/egyuttazautistakert.hu\/en\/wp-json\/wp\/v2\/pages"}],"about":[{"href":"https:\/\/egyuttazautistakert.hu\/en\/wp-json\/wp\/v2\/types\/page"}],"author":[{"embeddable":true,"href":"https:\/\/egyuttazautistakert.hu\/en\/wp-json\/wp\/v2\/users\/2"}],"replies":[{"embeddable":true,"href":"https:\/\/egyuttazautistakert.hu\/en\/wp-json\/wp\/v2\/comments?post=1434"}],"version-history":[{"count":1,"href":"https:\/\/egyuttazautistakert.hu\/en\/wp-json\/wp\/v2\/pages\/1434\/revisions"}],"predecessor-version":[{"id":1436,"href":"https:\/\/egyuttazautistakert.hu\/en\/wp-json\/wp\/v2\/pages\/1434\/revisions\/1436"}],"wp:attachment":[{"href":"https:\/\/egyuttazautistakert.hu\/en\/wp-json\/wp\/v2\/media?parent=1434"}],"curies":[{"name":"wp","href":"https:\/\/api.w.org\/{rel}","templated":true}]}}